{"id":388,"date":"2016-02-04T20:31:01","date_gmt":"2016-02-04T19:31:01","guid":{"rendered":"http:\/\/dev.bonzerwebsolutions.com\/zeef\/?page_id=388&#038;lang=de"},"modified":"2021-09-21T10:24:30","modified_gmt":"2021-09-21T08:24:30","slug":"home","status":"publish","type":"page","link":"https:\/\/www.zeefbanden.nl\/de\/home\/","title":{"rendered":"Home"},"content":{"rendered":"\n<style type=\"text\/css\" data-created_by=\"avia_inline_auto\" id=\"style-css-av-av_two_third-6126cab7d8fab8d08143dd2dacdf673c\">\n.flex_column.av-av_two_third-6126cab7d8fab8d08143dd2dacdf673c{\nborder-radius:0px 0px 0px 0px;\npadding:0px 0px 0px 0px;\n}\n<\/style>\n<div  class='flex_column av-av_two_third-6126cab7d8fab8d08143dd2dacdf673c av_two_third  avia-builder-el-0  el_before_av_one_third  avia-builder-el-first  first flex_column_div av-zero-column-padding  '     ><p>\n<style type=\"text\/css\" data-created_by=\"avia_inline_auto\" id=\"style-css-av-av_heading-5da0cddbab16985ed955d665ec9826f0\">\n#top .av-special-heading.av-av_heading-5da0cddbab16985ed955d665ec9826f0{\npadding-bottom:10px;\ncolor:#a81010;\nfont-size:38px;\n}\nbody .av-special-heading.av-av_heading-5da0cddbab16985ed955d665ec9826f0 .av-special-heading-tag .heading-char{\nfont-size:25px;\n}\n#top #wrap_all .av-special-heading.av-av_heading-5da0cddbab16985ed955d665ec9826f0 .av-special-heading-tag{\nfont-size:38px;\n}\n.av-special-heading.av-av_heading-5da0cddbab16985ed955d665ec9826f0 .special-heading-inner-border{\nborder-color:#a81010;\n}\n.av-special-heading.av-av_heading-5da0cddbab16985ed955d665ec9826f0 .av-subheading{\nfont-size:15px;\n}\n\n@media only screen and (min-width: 480px) and (max-width: 767px){ \n#top #wrap_all .av-special-heading.av-av_heading-5da0cddbab16985ed955d665ec9826f0 .av-special-heading-tag{\nfont-size:0.8em;\n}\n}\n\n@media only screen and (max-width: 479px){ \n#top #wrap_all .av-special-heading.av-av_heading-5da0cddbab16985ed955d665ec9826f0 .av-special-heading-tag{\nfont-size:0.8em;\n}\n}\n<\/style>\n<div  class='av-special-heading av-av_heading-5da0cddbab16985ed955d665ec9826f0 av-special-heading-h1 custom-color-heading blockquote modern-quote  avia-builder-el-1  el_before_av_textblock  avia-builder-el-first  av-inherit-size'><h1 class='av-special-heading-tag '  itemprop=\"headline\"  >FORDERN SIE HIER DEN ZIBO SIEBBANDER KATALOG AN:<\/h1><div class=\"special-heading-border\"><div class=\"special-heading-inner-border\"><\/div><\/div><\/div><br \/>\n<section  class='av_textblock_section av-av_textblock-396ddf1f42196ca838231e61a4602801 '   itemscope=\"itemscope\" itemtype=\"https:\/\/schema.org\/CreativeWork\" ><div class='avia_textblock'  itemprop=\"text\" ><p>Bereits seit u\u0308ber 50 Jahren ist Zinger Mechanisatie Spezialist fu\u0308r die Lieferung von Siebb\u00e4ndern fu\u0308r\u00a0Acker- und Gartenbaumaschinen. Auch in anderen Branchen, z. B in der Fischerei und in der Industrie, kommen\u00a0Siebb\u00e4nder zum Einsatz.<\/p>\n<p>Der vorliegende Katalog enth\u00e4lt alle M\u00f6glichkeiten fu\u0308r Sieb- und F\u00f6rderb\u00e4nder, Antriebsr\u00e4der, Stu\u0308tzrollen, Zubeh\u00f6r\u00a0und Verschlei\u00dfteile.<\/p>\n<\/div><\/section><br \/>\n<\/p><\/div>\n<style type=\"text\/css\" data-created_by=\"avia_inline_auto\" id=\"style-css-av-av_one_third-0aa7055fe62c3622faec82866afbaeb2\">\n.flex_column.av-av_one_third-0aa7055fe62c3622faec82866afbaeb2{\nborder-radius:0px 0px 0px 0px;\npadding:0px 0px 0px 0px;\n}\n<\/style>\n<div  class='flex_column av-av_one_third-0aa7055fe62c3622faec82866afbaeb2 av_one_third  avia-builder-el-4  el_after_av_two_third  avia-builder-el-last  flex_column_div av-zero-column-padding  '     ><style type=\"text\/css\" data-created_by=\"avia_inline_auto\" id=\"style-css-av-av_image-1d6d823639b4d7f1cbd0fae68c6fa792\">\n.avia-image-container.av-av_image-1d6d823639b4d7f1cbd0fae68c6fa792 img.avia_image{\nbox-shadow:none;\n}\n.avia-image-container.av-av_image-1d6d823639b4d7f1cbd0fae68c6fa792 .av-image-caption-overlay-center{\ncolor:#ffffff;\n}\n<\/style>\n<div  class='avia-image-container av-av_image-1d6d823639b4d7f1cbd0fae68c6fa792 av-styling- avia-align-center  avia-builder-el-5  avia-builder-el-no-sibling '   itemprop=\"image\" itemscope=\"itemscope\" itemtype=\"https:\/\/schema.org\/ImageObject\" ><div class=\"avia-image-container-inner\"><div class=\"avia-image-overlay-wrap\"><img decoding=\"async\" fetchpriority=\"high\" class='wp-image-5288 avia-img-lazy-loading-not-5288 avia_image ' src=\"https:\/\/www.zeefbanden.nl\/wp-content\/uploads\/2019\/10\/Zinger_Zeefbanden_Catalogus_2019_2.jpg\" alt='' title='Zinger_Zeefbanden_Catalogus_2019_2'  height=\"1574\" width=\"1214\"  itemprop=\"thumbnailUrl\" srcset=\"https:\/\/www.zeefbanden.nl\/wp-content\/uploads\/2019\/10\/Zinger_Zeefbanden_Catalogus_2019_2.jpg 1214w, https:\/\/www.zeefbanden.nl\/wp-content\/uploads\/2019\/10\/Zinger_Zeefbanden_Catalogus_2019_2-231x300.jpg 231w, https:\/\/www.zeefbanden.nl\/wp-content\/uploads\/2019\/10\/Zinger_Zeefbanden_Catalogus_2019_2-768x996.jpg 768w, https:\/\/www.zeefbanden.nl\/wp-content\/uploads\/2019\/10\/Zinger_Zeefbanden_Catalogus_2019_2-794x1030.jpg 794w, https:\/\/www.zeefbanden.nl\/wp-content\/uploads\/2019\/10\/Zinger_Zeefbanden_Catalogus_2019_2-1157x1500.jpg 1157w, https:\/\/www.zeefbanden.nl\/wp-content\/uploads\/2019\/10\/Zinger_Zeefbanden_Catalogus_2019_2-544x705.jpg 544w, https:\/\/www.zeefbanden.nl\/wp-content\/uploads\/2019\/10\/Zinger_Zeefbanden_Catalogus_2019_2-450x583.jpg 450w\" sizes=\"(max-width: 1214px) 100vw, 1214px\" \/><\/div><\/div><\/div><\/div><\/p>\n","protected":false},"excerpt":{"rendered":"","protected":false},"author":2,"featured_media":0,"parent":0,"menu_order":0,"comment_status":"closed","ping_status":"closed","template":"","meta":{"footnotes":""},"class_list":["post-388","page","type-page","status-publish","hentry"],"_links":{"self":[{"href":"https:\/\/www.zeefbanden.nl\/de\/wp-json\/wp\/v2\/pages\/388","targetHints":{"allow":["GET"]}}],"collection":[{"href":"https:\/\/www.zeefbanden.nl\/de\/wp-json\/wp\/v2\/pages"}],"about":[{"href":"https:\/\/www.zeefbanden.nl\/de\/wp-json\/wp\/v2\/types\/page"}],"author":[{"embeddable":true,"href":"https:\/\/www.zeefbanden.nl\/de\/wp-json\/wp\/v2\/users\/2"}],"replies":[{"embeddable":true,"href":"https:\/\/www.zeefbanden.nl\/de\/wp-json\/wp\/v2\/comments?post=388"}],"version-history":[{"count":12,"href":"https:\/\/www.zeefbanden.nl\/de\/wp-json\/wp\/v2\/pages\/388\/revisions"}],"predecessor-version":[{"id":5488,"href":"https:\/\/www.zeefbanden.nl\/de\/wp-json\/wp\/v2\/pages\/388\/revisions\/5488"}],"wp:attachment":[{"href":"https:\/\/www.zeefbanden.nl\/de\/wp-json\/wp\/v2\/media?parent=388"}],"curies":[{"name":"wp","href":"https:\/\/api.w.org\/{rel}","templated":true}]}}